{"id":11,"date":"2023-06-29T19:49:45","date_gmt":"2023-06-29T22:49:45","guid":{"rendered":"https:\/\/azsex.art.br\/?page_id=11"},"modified":"2025-04-21T19:48:30","modified_gmt":"2025-04-21T22:48:30","slug":"mesmerize","status":"publish","type":"page","link":"https:\/\/azsex.art.br\/","title":{"rendered":"Home"},"content":{"rendered":"\t\t<div data-elementor-type=\"wp-page\" data-elementor-id=\"11\" class=\"elementor elementor-11\">\n\t\t\t\t\t\t\t\t\t<section class=\"elementor-section elementor-top-section elementor-element elementor-element-2b24265 elementor-section-boxed elementor-section-height-default elementor-section-height-default\" data-id=\"2b24265\" data-element_type=\"section\">\n\t\t\t\t\t\t<div class=\"elementor-container elementor-column-gap-default\">\n\t\t\t\t\t<div class=\"elementor-column elementor-col-33 elementor-top-column elementor-element elementor-element-6dfe3b4\" data-id=\"6dfe3b4\" data-element_type=\"column\">\n\t\t\t<div class=\"elementor-widget-wrap\">\n\t\t\t\t\t\t\t\t\t<\/div>\n\t\t<\/div>\n\t\t\t\t<div class=\"elementor-column elementor-col-33 elementor-top-column elementor-element elementor-element-d7f5b92\" data-id=\"d7f5b92\" data-element_type=\"column\">\n\t\t\t<div class=\"elementor-widget-wrap elementor-element-populated\">\n\t\t\t\t\t\t\t\t<div class=\"elementor-element elementor-element-b2b0954 elementor-widget elementor-widget-heading\" data-id=\"b2b0954\" data-element_type=\"widget\" data-widget_type=\"heading.default\">\n\t\t\t\t<div class=\"elementor-widget-container\">\n\t\t\t<style>\/*! elementor - v3.6.1 - 23-03-2022 *\/\n.elementor-heading-title{padding:0;margin:0;line-height:1}.elementor-widget-heading .elementor-heading-title[class*=elementor-size-]>a{color:inherit;font-size:inherit;line-height:inherit}.elementor-widget-heading .elementor-heading-title.elementor-size-small{font-size:15px}.elementor-widget-heading .elementor-heading-title.elementor-size-medium{font-size:19px}.elementor-widget-heading .elementor-heading-title.elementor-size-large{font-size:29px}.elementor-widget-heading .elementor-heading-title.elementor-size-xl{font-size:39px}.elementor-widget-heading .elementor-heading-title.elementor-size-xxl{font-size:59px}<\/style><h2 class=\"elementor-heading-title elementor-size-default\">3\u00aa edi\u00e7\u00e3o:<br>16 e 17 de maio de 2025<br>Teatro Jo\u00e3o Lyra Filho<\/h2>\t\t<\/div>\n\t\t\t\t<\/div>\n\t\t\t\t\t<\/div>\n\t\t<\/div>\n\t\t\t\t<div class=\"elementor-column elementor-col-33 elementor-top-column elementor-element elementor-element-b100e81\" data-id=\"b100e81\" data-element_type=\"column\">\n\t\t\t<div class=\"elementor-widget-wrap\">\n\t\t\t\t\t\t\t\t\t<\/div>\n\t\t<\/div>\n\t\t\t\t\t\t\t<\/div>\n\t\t<\/section>\n\t\t\t\t<section class=\"elementor-section elementor-top-section elementor-element elementor-element-b0e5f88 elementor-section-boxed elementor-section-height-default elementor-section-height-default\" data-id=\"b0e5f88\" data-element_type=\"section\">\n\t\t\t\t\t\t<div class=\"elementor-container elementor-column-gap-default\">\n\t\t\t\t\t<div class=\"elementor-column elementor-col-100 elementor-top-column elementor-element elementor-element-a686eb5\" data-id=\"a686eb5\" data-element_type=\"column\">\n\t\t\t<div class=\"elementor-widget-wrap elementor-element-populated\">\n\t\t\t\t\t\t\t\t<div class=\"elementor-element elementor-element-93ea310 elementor-widget elementor-widget-text-editor\" data-id=\"93ea310\" data-element_type=\"widget\" data-widget_type=\"text-editor.default\">\n\t\t\t\t<div class=\"elementor-widget-container\">\n\t\t\t<style>\/*! elementor - v3.6.1 - 23-03-2022 *\/\n.elementor-widget-text-editor.elementor-drop-cap-view-stacked .elementor-drop-cap{background-color:#818a91;color:#fff}.elementor-widget-text-editor.elementor-drop-cap-view-framed .elementor-drop-cap{color:#818a91;border:3px solid;background-color:transparent}.elementor-widget-text-editor:not(.elementor-drop-cap-view-default) .elementor-drop-cap{margin-top:8px}.elementor-widget-text-editor:not(.elementor-drop-cap-view-default) .elementor-drop-cap-letter{width:1em;height:1em}.elementor-widget-text-editor .elementor-drop-cap{float:left;text-align:center;line-height:1;font-size:50px}.elementor-widget-text-editor .elementor-drop-cap-letter{display:inline-block}<\/style>\t\t\t\t<div id=\"features-3\" class=\"features-12-card-bordered content-section content-section-spacing \" style=\"background-color: #ffffff;\" data-label=\"Features\" data-id=\"features-12-card-bordered\" data-export-id=\"features-12-card-bordered\" data-category=\"features\"><div class=\"gridContainer\"><div class=\"row text-center\"><div class=\"section-title-col\" data-type=\"column\"><h2 class=\"\">Sobre<\/h2><p class=\"lead\">AZSEX \u2013 Festival de Artes Integradas e Sexualidade Humana<\/p><\/div><\/div><div class=\"row spaced-cols\" data-type=\"row\"><div class=\"col-sm-6\"><div class=\"card row-card bordered y-move\"><div class=\"row\"><div class=\"col-sm-fit icon-column\">\u00a0<\/div><div class=\"col-sm\" data-type=\"column\"><h5 class=\"color2\">OBJETIVOS<\/h5><p class=\"\">Promover a conscientiza\u00e7\u00e3o, a aceita\u00e7\u00e3o e a compreens\u00e3o da diversidade sexual, proporcionando um espa\u00e7o seguro para a express\u00e3o art\u00edstica e o debate construtivo. Al\u00e9m disso, pretendemos fomentar o respeito aos direitos humanos e \u00e0 liberdade de express\u00e3o, abordando quest\u00f5es como identidade de g\u00eanero, orienta\u00e7\u00e3o sexual, relacionamentos, sa\u00fade sexual e outros temas relevantes que envolvem a sexualidade humana.<\/p><\/div><\/div><\/div><\/div><div class=\"col-sm-6\"><div class=\"card row-card bordered y-move\"><div class=\"row\"><div class=\"col-sm-fit icon-column\">\u00a0<\/div><div class=\"col-sm\" data-type=\"column\"><h5 class=\"color2\"><span style=\"font-family: inherit; font-style: inherit; font-weight: inherit;\">P\u00daBLICO-ALVO<\/span><\/h5><\/div><\/div><\/div><\/div><div class=\"col-sm-6\"><div class=\"card row-card bordered y-move\"><div class=\"row\"><div class=\"col-sm\" data-type=\"column\"><p class=\"\">Popula\u00e7\u00e3o adulta em geral interessada na tem\u00e1tica sexualidade humana.<\/p><\/div><\/div><\/div><\/div><div class=\"col-sm-6\"><div class=\"card row-card bordered y-move\"><div class=\"row\"><div class=\"col-sm-fit icon-column\">\u00a0<\/div><div class=\"col-sm\" data-type=\"column\"><h5 class=\"color2\"><span style=\"font-family: inherit; font-size: 35px; font-style: inherit;\">Curadores<\/span><\/h5><\/div><\/div><\/div><\/div><\/div><\/div><\/div><div id=\"testimonials-5\" class=\"testimonials-5 content-section content-section-spacing\" style=\"background-color: #ffffff;\" data-label=\"Testimonials\" data-id=\"testimonials-5\" data-export-id=\"testimonials-5\" data-category=\"testimonials\"><div class=\"gridContainer\"><div class=\"row\"><div class=\"section-title-col\" data-type=\"column\"><p class=\"lead\">\u00a0<\/p><\/div><\/div><div class=\"row spaced-cols content-center-sm\" data-type=\"row\"><div class=\"col-xs-12 col-sm-6 col-md-4\"><div class=\"card y-move bordered\" data-type=\"column\"><p class=\"text-center\">Ministrou oficinas de Teatro no TEA. Ministra oficina no Teatro Jo\u00e3o Lyra Filho desde 2006. Foi um dos coordenadores do FETEAG\/FESTEPE. Atuou nos filmes Canta Maria, longa do cineasta Francisco Ramalho Jr e nos curtas Jo\u00e3o Heleno dos Brito e Terra Firme. Atuou em dezenas de pe\u00e7as como Olha pro C\u00e9u meu Amor e O Auto das Sete Luas de Barro. \u00c9 Presidente da ASSARTIC \u2013 Associa\u00e7\u00e3o dos Artistas de Caruaru. Fundou a Cia. Mambembe T\u00f4-Na-Rua-T\u00f4-No-palco em 1996.\u00a0<\/p><p><img decoding=\"async\" class=\"round icon\" title=\"Foto_Jo albuquerque\" src=\"http:\/\/azsex.art.br\/wp-content\/uploads\/2023\/07\/Foto_Jo-albuquerque.jpg\" alt=\"\" \/><\/p><h6 class=\"\">J\u00f4 Albuquerque<\/h6><p class=\"small italic\">Professor, ator e diretor de teatro<\/p><\/div><\/div><div class=\"col-xs-12 col-sm-6 col-md-4\"><div class=\"card y-move bordered\" data-type=\"column\"><p>\u00a0<\/p><p class=\"text-center\">Bacharel em Artes Visuais (UFRGS) e Especialista em Arte e Tecnologia (UFRPE). Atua na curadoria, produ\u00e7\u00e3o e forma\u00e7\u00e3o em artes visuais. Participou de diversas exposi\u00e7\u00f5es e projetos culturais, com destaque para a curadoria coletiva na exposi\u00e7\u00e3o Medida do Gesto (Porto Alegre, 2011), A Rua que d\u00e1 no Museu (Porto Alegre, 2015) e Cores da Terra (Caruaru, 2021). Mestrando em Educa\u00e7\u00e3o Contempor\u00e2nea (UFPE\/CAA). Vive e trabalha em Caruaru, Pernambuco.<\/p><p><img decoding=\"async\" class=\"round icon\" title=\"Foto_Caju\" src=\"http:\/\/azsex.art.br\/wp-content\/uploads\/2023\/07\/Foto_Caju.jpeg\" alt=\"\" \/><\/p><h6 class=\"\">Caju Galon<\/h6><p class=\"small italic\">Artista multim\u00eddia e professor<\/p><\/div><\/div><div class=\"col-xs-12 col-sm-6 col-md-4\"><div class=\"card y-move bordered\" data-type=\"column\"><p>\u00a0<\/p><p class=\"text-center\">Possui Licenciatura Plena em Ci\u00eancias Sociais, p\u00f3s-gradua\u00e7\u00e3o em Cinema e Linguagem Audiovisual, Psicopedagogia, Sociologia e Tecnologias na Educa\u00e7\u00e3o (PUC-Rio). \u00c9 professor da rede p\u00fablica estadual de ensino de Pernambuco. \u00c9 curador e diretor do Festival de Cinema de Caruaru. Como diretor e roteirista tem dez curtas-metragens finalizados. Atua como membro de j\u00fari em festivais de cinema. \u00c9 montador, diretor de fotografia e produtor de cinema.<\/p><p><img decoding=\"async\" class=\"round icon\" title=\"Foto_Edvaldo\" src=\"http:\/\/azsex.art.br\/wp-content\/uploads\/2023\/07\/Foto_Edvaldo.jpeg\" alt=\"\" \/><\/p><h6 class=\"\">Edvaldo Santos<\/h6><p class=\"small italic\">Cineasta e professor<\/p><\/div><\/div><\/div><\/div><\/div><p><!-- Created with Elementor --><\/p>\t\t\t\t\t\t<\/div>\n\t\t\t\t<\/div>\n\t\t\t\t\t<\/div>\n\t\t<\/div>\n\t\t\t\t\t\t\t<\/div>\n\t\t<\/section>\n\t\t\t\t<section class=\"elementor-section elementor-top-section elementor-element elementor-element-95883c1 elementor-section-content-middle elementor-section-boxed elementor-section-height-default elementor-section-height-default\" data-id=\"95883c1\" data-element_type=\"section\">\n\t\t\t\t\t\t<div class=\"elementor-container elementor-column-gap-no\">\n\t\t\t\t\t<div class=\"elementor-column elementor-col-100 elementor-top-column elementor-element elementor-element-32b1c937\" data-id=\"32b1c937\" data-element_type=\"column\">\n\t\t\t<div class=\"elementor-widget-wrap elementor-element-populated\">\n\t\t\t\t\t\t\t\t<div class=\"elementor-element elementor-element-6b505b4f elementor-widget elementor-widget-heading\" data-id=\"6b505b4f\" data-element_type=\"widget\" data-widget_type=\"heading.default\">\n\t\t\t\t<div class=\"elementor-widget-container\">\n\t\t\t<h1 class=\"elementor-heading-title elementor-size-small\">apoio:<\/h1>\t\t<\/div>\n\t\t\t\t<\/div>\n\t\t\t\t<section class=\"elementor-section elementor-inner-section elementor-element elementor-element-6f9b5235 elementor-section-content-middle elementor-section-boxed elementor-section-height-default elementor-section-height-default\" data-id=\"6f9b5235\" data-element_type=\"section\">\n\t\t\t\t\t\t<div class=\"elementor-container elementor-column-gap-no\">\n\t\t\t\t\t<div class=\"elementor-column elementor-col-20 elementor-inner-column elementor-element elementor-element-38998f0b\" data-id=\"38998f0b\" data-element_type=\"column\">\n\t\t\t<div class=\"elementor-widget-wrap elementor-element-populated\">\n\t\t\t\t\t\t\t\t\t<\/div>\n\t\t<\/div>\n\t\t\t\t<div class=\"elementor-column elementor-col-20 elementor-inner-column elementor-element elementor-element-46c56fe2\" data-id=\"46c56fe2\" data-element_type=\"column\">\n\t\t\t<div class=\"elementor-widget-wrap elementor-element-populated\">\n\t\t\t\t\t\t\t\t\t<\/div>\n\t\t<\/div>\n\t\t\t\t<div class=\"elementor-column elementor-col-20 elementor-inner-column elementor-element elementor-element-5226e8f2\" data-id=\"5226e8f2\" data-element_type=\"column\">\n\t\t\t<div class=\"elementor-widget-wrap elementor-element-populated\">\n\t\t\t\t\t\t\t\t<div class=\"elementor-element elementor-element-56c956db elementor-widget elementor-widget-image\" data-id=\"56c956db\" data-element_type=\"widget\" data-widget_type=\"image.default\">\n\t\t\t\t<div class=\"elementor-widget-container\">\n\t\t\t<style>\/*! elementor - v3.6.1 - 23-03-2022 *\/\n.elementor-widget-image{text-align:center}.elementor-widget-image a{display:inline-block}.elementor-widget-image a img[src$=\".svg\"]{width:48px}.elementor-widget-image img{vertical-align:middle;display:inline-block}<\/style>\t\t\t\t\t\t\t\t\t\t\t\t\t<a href=\"http:\/\/www.Intimossexy.com.br\">\n\t\t\t\t\t\t\t<img decoding=\"async\" width=\"300\" height=\"277\" src=\"https:\/\/azsex.art.br\/wp-content\/uploads\/2024\/02\/01-1-e1708127673727-300x277.png\" class=\"attachment-medium size-medium\" alt=\"\" loading=\"lazy\" srcset=\"https:\/\/azsex.art.br\/wp-content\/uploads\/2024\/02\/01-1-e1708127673727-300x277.png 300w, https:\/\/azsex.art.br\/wp-content\/uploads\/2024\/02\/01-1-e1708127673727.png 661w\" sizes=\"(max-width: 300px) 100vw, 300px\" \/>\t\t\t\t\t\t\t\t<\/a>\n\t\t\t\t\t\t\t\t\t\t\t\t\t\t\t<\/div>\n\t\t\t\t<\/div>\n\t\t\t\t\t<\/div>\n\t\t<\/div>\n\t\t\t\t<div class=\"elementor-column elementor-col-20 elementor-inner-column elementor-element elementor-element-71d1a4c6\" data-id=\"71d1a4c6\" data-element_type=\"column\">\n\t\t\t<div class=\"elementor-widget-wrap elementor-element-populated\">\n\t\t\t\t\t\t\t\t\t<\/div>\n\t\t<\/div>\n\t\t\t\t<div class=\"elementor-column elementor-col-20 elementor-inner-column elementor-element elementor-element-6275a1b4\" data-id=\"6275a1b4\" data-element_type=\"column\">\n\t\t\t<div class=\"elementor-widget-wrap elementor-element-populated\">\n\t\t\t\t\t\t\t\t\t<\/div>\n\t\t<\/div>\n\t\t\t\t\t\t\t<\/div>\n\t\t<\/section>\n\t\t\t\t\t<\/div>\n\t\t<\/div>\n\t\t\t\t\t\t\t<\/div>\n\t\t<\/section>\n\t\t\t\t\t\t\t<\/div>\n\t\t","protected":false},"excerpt":{"rendered":"<p>3\u00aa edi\u00e7\u00e3o:16 e 17 de maio de 2025Teatro Jo\u00e3o Lyra Filho Sobre AZSEX \u2013 Festival de Artes Integradas e Sexualidade Humana \u00a0 OBJETIVOS Promover a conscientiza\u00e7\u00e3o, a aceita\u00e7\u00e3o e a compreens\u00e3o da diversidade sexual, proporcionando um espa\u00e7o seguro para a express\u00e3o art\u00edstica e o debate construtivo. Al\u00e9m disso, pretendemos fomentar o respeito aos direitos humanos &#8230; <a title=\"Home\" class=\"read-more\" href=\"https:\/\/azsex.art.br\/\" aria-label=\"Read more about Home\">Read more<\/a><\/p>\n","protected":false},"author":1,"featured_media":0,"parent":0,"menu_order":0,"comment_status":"closed","ping_status":"closed","template":"","meta":[],"_links":{"self":[{"href":"https:\/\/azsex.art.br\/index.php?rest_route=\/wp\/v2\/pages\/11"}],"collection":[{"href":"https:\/\/azsex.art.br\/index.php?rest_route=\/wp\/v2\/pages"}],"about":[{"href":"https:\/\/azsex.art.br\/index.php?rest_route=\/wp\/v2\/types\/page"}],"author":[{"embeddable":true,"href":"https:\/\/azsex.art.br\/index.php?rest_route=\/wp\/v2\/users\/1"}],"replies":[{"embeddable":true,"href":"https:\/\/azsex.art.br\/index.php?rest_route=%2Fwp%2Fv2%2Fcomments&post=11"}],"version-history":[{"count":38,"href":"https:\/\/azsex.art.br\/index.php?rest_route=\/wp\/v2\/pages\/11\/revisions"}],"predecessor-version":[{"id":223,"href":"https:\/\/azsex.art.br\/index.php?rest_route=\/wp\/v2\/pages\/11\/revisions\/223"}],"wp:attachment":[{"href":"https:\/\/azsex.art.br\/index.php?rest_route=%2Fwp%2Fv2%2Fmedia&parent=11"}],"curies":[{"name":"wp","href":"https:\/\/api.w.org\/{rel}","templated":true}]}}