{"id":163,"date":"2024-03-29T09:27:55","date_gmt":"2024-03-29T12:27:55","guid":{"rendered":"https:\/\/azsex.art.br\/?page_id=163"},"modified":"2025-04-21T20:17:26","modified_gmt":"2025-04-21T23:17:26","slug":"programacao","status":"publish","type":"page","link":"https:\/\/azsex.art.br\/?page_id=163","title":{"rendered":"Programa\u00e7\u00e3o"},"content":{"rendered":"\t\t<div data-elementor-type=\"wp-page\" data-elementor-id=\"163\" class=\"elementor elementor-163\">\n\t\t\t\t\t\t\t\t\t<section class=\"elementor-section elementor-top-section elementor-element elementor-element-9d75afe elementor-section-boxed elementor-section-height-default elementor-section-height-default\" data-id=\"9d75afe\" data-element_type=\"section\">\n\t\t\t\t\t\t<div class=\"elementor-container elementor-column-gap-default\">\n\t\t\t\t\t<div class=\"elementor-column elementor-col-100 elementor-top-column elementor-element elementor-element-17125cd\" data-id=\"17125cd\" data-element_type=\"column\">\n\t\t\t<div class=\"elementor-widget-wrap elementor-element-populated\">\n\t\t\t\t\t\t\t\t<div class=\"elementor-element elementor-element-5206e7c elementor-widget elementor-widget-heading\" data-id=\"5206e7c\" data-element_type=\"widget\" data-widget_type=\"heading.default\">\n\t\t\t\t<div class=\"elementor-widget-container\">\n\t\t\t<style>\/*! elementor - v3.6.1 - 23-03-2022 *\/\n.elementor-heading-title{padding:0;margin:0;line-height:1}.elementor-widget-heading .elementor-heading-title[class*=elementor-size-]>a{color:inherit;font-size:inherit;line-height:inherit}.elementor-widget-heading .elementor-heading-title.elementor-size-small{font-size:15px}.elementor-widget-heading .elementor-heading-title.elementor-size-medium{font-size:19px}.elementor-widget-heading .elementor-heading-title.elementor-size-large{font-size:29px}.elementor-widget-heading .elementor-heading-title.elementor-size-xl{font-size:39px}.elementor-widget-heading .elementor-heading-title.elementor-size-xxl{font-size:59px}<\/style><h2 class=\"elementor-heading-title elementor-size-default\">***Ingressos promocionais a R$ 10,00<\/h2>\t\t<\/div>\n\t\t\t\t<\/div>\n\t\t\t\t\t<\/div>\n\t\t<\/div>\n\t\t\t\t\t\t\t<\/div>\n\t\t<\/section>\n\t\t\t\t<section class=\"elementor-section elementor-top-section elementor-element elementor-element-224131b elementor-section-boxed elementor-section-height-default elementor-section-height-default\" data-id=\"224131b\" data-element_type=\"section\">\n\t\t\t\t\t\t<div class=\"elementor-container elementor-column-gap-default\">\n\t\t\t\t\t<div class=\"elementor-column elementor-col-100 elementor-top-column elementor-element elementor-element-7b1b7ad\" data-id=\"7b1b7ad\" data-element_type=\"column\">\n\t\t\t<div class=\"elementor-widget-wrap elementor-element-populated\">\n\t\t\t\t\t\t\t\t<div class=\"elementor-element elementor-element-6e2f2e7 elementor-widget elementor-widget-heading\" data-id=\"6e2f2e7\" data-element_type=\"widget\" data-widget_type=\"heading.default\">\n\t\t\t\t<div class=\"elementor-widget-container\">\n\t\t\t<h2 class=\"elementor-heading-title elementor-size-default\">16 de maio 2025 as 19 horas<br>Teatro Jo\u00e3o Lyra Filho<\/h2>\t\t<\/div>\n\t\t\t\t<\/div>\n\t\t\t\t\t<\/div>\n\t\t<\/div>\n\t\t\t\t\t\t\t<\/div>\n\t\t<\/section>\n\t\t\t\t<section class=\"elementor-section elementor-top-section elementor-element elementor-element-6064ea7 elementor-section-boxed elementor-section-height-default elementor-section-height-default\" data-id=\"6064ea7\" data-element_type=\"section\">\n\t\t\t\t\t\t<div class=\"elementor-container elementor-column-gap-default\">\n\t\t\t\t\t<div class=\"elementor-column elementor-col-100 elementor-top-column elementor-element elementor-element-025b001\" data-id=\"025b001\" data-element_type=\"column\">\n\t\t\t<div class=\"elementor-widget-wrap elementor-element-populated\">\n\t\t\t\t\t\t\t\t<div class=\"elementor-element elementor-element-2283108 elementor-widget elementor-widget-text-editor\" data-id=\"2283108\" data-element_type=\"widget\" data-widget_type=\"text-editor.default\">\n\t\t\t\t<div class=\"elementor-widget-container\">\n\t\t\t<style>\/*! elementor - v3.6.1 - 23-03-2022 *\/\n.elementor-widget-text-editor.elementor-drop-cap-view-stacked .elementor-drop-cap{background-color:#818a91;color:#fff}.elementor-widget-text-editor.elementor-drop-cap-view-framed .elementor-drop-cap{color:#818a91;border:3px solid;background-color:transparent}.elementor-widget-text-editor:not(.elementor-drop-cap-view-default) .elementor-drop-cap{margin-top:8px}.elementor-widget-text-editor:not(.elementor-drop-cap-view-default) .elementor-drop-cap-letter{width:1em;height:1em}.elementor-widget-text-editor .elementor-drop-cap{float:left;text-align:center;line-height:1;font-size:50px}.elementor-widget-text-editor .elementor-drop-cap-letter{display:inline-block}<\/style>\t\t\t\t<p><b><span style=\"color: #202124;\">Fidele, dir. Yorrana Maia, Goi\u00e2nia &#8211; GO, 14 min.<\/span><\/b><\/p><p>SINOPSE<\/p><p>Ap\u00f3s os 60 anos de idade, Rita encontrou uma nova paix\u00e3o: a escrita. A atividade, que come\u00e7ou como uma terapia para o luto da morte do marido, se tornou uma incr\u00edvel ferramenta para a descoberta de si pr\u00f3pria.<\/p><p>@fidele.doc<\/p><p><b><span style=\"color: #202124;\">\u00a0<\/span><\/b><\/p><p><b><span style=\"color: #202124;\">Meio Antiquado, dir. Bruno Tadeu, Nova Lima &#8211; MG, 21 min.<\/span><\/b><\/p><p>SINOPSE<\/p><p>Murilo \u00e9 convidado para um encontro tentador sem imaginar que \u00e9 apenas o come\u00e7o de uma grande hist\u00f3ria. Num mundo onde o sexo est\u00e1 \u00e0 dist\u00e2ncia de um click, se apaixonar pode ser uma verdadeira surpresa. \u00a0<\/p><p>@viniciuscamposoficial\/<\/p><p><b><span style=\"color: #202124;\">\u00a0<\/span><\/b><\/p><p><b><span style=\"color: #202124;\">Vera, Meu Amor, dir. Victoria Nolasco, Goi\u00e2nia &#8211; GO, 3 min.<\/span><\/b><\/p><p>SINOPSE<\/p><p>Preto e gay, Jorge Lafond e Vera Ver\u00e3o, conseguem despertar o encanto de uma crian\u00e7a, em todas as quintas-feiras. Um breve relato de admira\u00e7\u00e3o \u00e9 contando com v\u00e1rias imagens de arquivo, cheio de emo\u00e7\u00e3o at\u00e9 o fim repentino da sua vida e carreira de Jorge Lafond em 2002.<\/p><p>@victorianolasco\/<\/p><p style=\"text-align: center;\" align=\"center\"><b><span style=\"color: #202124;\">\u00a0<\/span><\/b><\/p><p><b><span style=\"color: #202124;\">P\u00e9rola, dir. Anna Karoline Tavares e Marsicano de Brito, Campina Grande &#8211; PB, 16 min.<\/span><\/b><\/p><p>SINOPSE<\/p><p>Em meio \u00e0s ruas silenciosas da madrugada de Campina Grande\/PB, P\u00e9rola continua a escrever seu pr\u00f3prio destino, rompendo estigmas e contrariando as estat\u00edsticas. Aos 44 anos, mulher trans e profissional do sexo, ela revisita a sua origem, os locais por onde passou.<\/p><p>@peroladocumentario<\/p><p>\u00a0<\/p><p><b><span style=\"color: #202124;\">Deixa, dir. Mariana Jaspe, Rio de Janeiro &#8211; RJ, 15 min.<\/span><\/b><\/p><p>SINOPSE<\/p><p>Zez\u00e9 Motta \u00e9 Carmen, uma mulher que vive seu \u00faltimo dia de liberdade antes que seu marido saia da pris\u00e3o.<\/p><p>@marianajaspe<\/p><p>\u00a0<\/p><p><b><span style=\"color: #202124;\">T\u00e1 Fazendo Sab\u00e3o, dir. Ianca Santos de Oliveira, Santo Amaro &#8211; BA, 5 min.<\/span><\/b><\/p><p>SINOPSE<\/p><p>T\u00e1 Fazendo Sab\u00e3o \u00e9 um filme ensa\u00edstico que retrata a constru\u00e7\u00e3o da identidade e da sexualidade da crian\u00e7a negra. O enredo do filme apresenta os la\u00e7os afetivos que unem a pequena moleca \u00e0s mulheres negras de sua fam\u00edlia em uma performance atemporal e surreal.<\/p><p>@aterrarproducoes\/<\/p><p>\u00a0<\/p><p><b><span style=\"color: #202124;\">Tynna, dir. Rodrigo Medsan, Juiz de Fora &#8211; MG, 15 min.<\/span><\/b><\/p><p>SINOPSE<\/p><p>Abordando a trajet\u00f3ria de Tynna Medsan, travesti que cruza barreiras ao se tornar professora da Rede P\u00fablica e pioneira ao ingressar no ensino superior. O filme tamb\u00e9m retrata Tynna como uma artista, cover de Britney Spears, exaltando a express\u00e3o da identidade travesti.<\/p><p>@tynnafilme<\/p><p>\u00a0<\/p><p><b><span style=\"color: #202124;\">Escolhidos, dir. Pablo Diego Garcia, Brasil, 8 min.<\/span><\/b><\/p><p>SINOPSE<\/p><p>Enquanto uma fam\u00edlia vive momentos de alegria inocente, mission\u00e1rios se tornam espectadores de um julgamento silencioso, alheios ao verdadeiro sofrimento que acontece ao lado.<\/p><p>@pdg.producoes\/<\/p><p>\u00a0<\/p><p><b><span style=\"color: #202124;\">Elvira, dir. Sergi Rubi\u00f3, Espanha, 9 min.<\/span><\/b><\/p><p>SINOPSE<\/p><p>Um homem e uma mulher que est\u00e3o no futuro t\u00eam um futuro juntos. Depois desses \u00faltimos anos, em que a morte do marido coincidiu com sua aposentadoria e com o nascimento da primeira filha, Elvira agora decidiu pensar em si mesma.<\/p><p>\u00a0<\/p><p><b><span style=\"color: #202124;\">Na\u00e7\u00e3o Comprimido, dir. Bruno Tadeu, Nova Lima &#8211; MG, 21 min.<\/span><\/b><\/p><p>SINOPSE<\/p><p>Dante \u00e9 um velho ativista gay que se recusa a se aposentar. Diante do inevit\u00e1vel fim de sua exist\u00eancia, ele decide realizar seus antigos planos de abrir a primeira casa de repouso LGBTQIA+ do Brasil, ignorando os conselhos de sua grande amiga, Francisca.<\/p><p>@lhamaviajante\/<\/p><p>\u00a0<\/p><p>DEBATE<\/p><p>\u00a0<\/p><p>SORTEIO DE BRINDES<\/p><p>\u00a0<\/p>\t\t\t\t\t\t<\/div>\n\t\t\t\t<\/div>\n\t\t\t\t\t<\/div>\n\t\t<\/div>\n\t\t\t\t\t\t\t<\/div>\n\t\t<\/section>\n\t\t\t\t<section class=\"elementor-section elementor-top-section elementor-element elementor-element-70608bf elementor-section-boxed elementor-section-height-default elementor-section-height-default\" data-id=\"70608bf\" data-element_type=\"section\">\n\t\t\t\t\t\t<div class=\"elementor-container elementor-column-gap-default\">\n\t\t\t\t\t<div class=\"elementor-column elementor-col-100 elementor-top-column elementor-element elementor-element-0633087\" data-id=\"0633087\" data-element_type=\"column\">\n\t\t\t<div class=\"elementor-widget-wrap elementor-element-populated\">\n\t\t\t\t\t\t\t\t<div class=\"elementor-element elementor-element-e56e9ec elementor-widget elementor-widget-heading\" data-id=\"e56e9ec\" data-element_type=\"widget\" data-widget_type=\"heading.default\">\n\t\t\t\t<div class=\"elementor-widget-container\">\n\t\t\t<h2 class=\"elementor-heading-title elementor-size-default\">17 de maio 2025 as 14 horas<br>Teatro Jo\u00e3o Lyra Filho<\/h2>\t\t<\/div>\n\t\t\t\t<\/div>\n\t\t\t\t\t<\/div>\n\t\t<\/div>\n\t\t\t\t\t\t\t<\/div>\n\t\t<\/section>\n\t\t\t\t<section class=\"elementor-section elementor-top-section elementor-element elementor-element-6fae3df elementor-section-boxed elementor-section-height-default elementor-section-height-default\" data-id=\"6fae3df\" data-element_type=\"section\">\n\t\t\t\t\t\t<div class=\"elementor-container elementor-column-gap-default\">\n\t\t\t\t\t<div class=\"elementor-column elementor-col-100 elementor-top-column elementor-element elementor-element-c7681a9\" data-id=\"c7681a9\" data-element_type=\"column\">\n\t\t\t<div class=\"elementor-widget-wrap elementor-element-populated\">\n\t\t\t\t\t\t\t\t<div class=\"elementor-element elementor-element-3b5580c elementor-widget elementor-widget-text-editor\" data-id=\"3b5580c\" data-element_type=\"widget\" data-widget_type=\"text-editor.default\">\n\t\t\t\t<div class=\"elementor-widget-container\">\n\t\t\t\t\t\t\t<p><b><span style=\"color: #202124;\">Neon, dir. Daniel Luciancencov Petrillo, Santo Andr\u00e9 \u2013 SP, 15 min.<\/span><\/b><\/p><p>SINOPSE<\/p><p>Curta-metragem sobre Neon Cunha, a primeira mulher transg\u00eanero do Brasil a ter seu nome e g\u00eanero reconhecidos sem a necessidade de laudo m\u00e9dico. Neon entrou com um pedido de morte assistida caso seu direito n\u00e3o fosse reconhecido.\u00a0<\/p><p>@neondoc\/<\/p><p>\u00a0<\/p><p><b><span style=\"color: #202124;\">Uma Breve Hist\u00f3ria da Imprensa LGBT+ no Brasil, dir. Lufe Steffen, S\u00e3o Paulo &#8211; SP, 1 h e 50 min.<\/span><\/b><\/p><p>SINOPSE<\/p><p>Uma linha do tempo cronol\u00f3gica apresentando os ve\u00edculos de imprensa brasileiros que se realizaram dentro do universo LGBTQIA+, desde 1963, com o surgimento do fanzine carioca \u201cO Snob\u201d, at\u00e9 hoje, com a pluralidade de portais na internet.<\/p><p>@breveimprensalgbt<\/p><p>\u00a0<\/p><p>DEBATE<\/p><p>\u00a0<\/p><p>SORTEIO DE BRINDES<\/p>\t\t\t\t\t\t<\/div>\n\t\t\t\t<\/div>\n\t\t\t\t\t<\/div>\n\t\t<\/div>\n\t\t\t\t\t\t\t<\/div>\n\t\t<\/section>\n\t\t\t\t<section class=\"elementor-section elementor-top-section elementor-element elementor-element-d16f0fb elementor-section-boxed elementor-section-height-default elementor-section-height-default\" data-id=\"d16f0fb\" data-element_type=\"section\">\n\t\t\t\t\t\t<div class=\"elementor-container elementor-column-gap-default\">\n\t\t\t\t\t<div class=\"elementor-column elementor-col-100 elementor-top-column elementor-element elementor-element-78eb488\" data-id=\"78eb488\" data-element_type=\"column\">\n\t\t\t<div class=\"elementor-widget-wrap elementor-element-populated\">\n\t\t\t\t\t\t\t\t<div class=\"elementor-element elementor-element-d3bb707 elementor-widget elementor-widget-heading\" data-id=\"d3bb707\" data-element_type=\"widget\" data-widget_type=\"heading.default\">\n\t\t\t\t<div class=\"elementor-widget-container\">\n\t\t\t<h2 class=\"elementor-heading-title elementor-size-default\">17 de maio 2025 as 19 horas<br>Teatro Jo\u00e3o Lyra Filho<\/h2>\t\t<\/div>\n\t\t\t\t<\/div>\n\t\t\t\t\t<\/div>\n\t\t<\/div>\n\t\t\t\t\t\t\t<\/div>\n\t\t<\/section>\n\t\t\t\t<section class=\"elementor-section elementor-top-section elementor-element elementor-element-fbc7d2f elementor-section-boxed elementor-section-height-default elementor-section-height-default\" data-id=\"fbc7d2f\" data-element_type=\"section\">\n\t\t\t\t\t\t<div class=\"elementor-container elementor-column-gap-default\">\n\t\t\t\t\t<div class=\"elementor-column elementor-col-100 elementor-top-column elementor-element elementor-element-937a357\" data-id=\"937a357\" data-element_type=\"column\">\n\t\t\t<div class=\"elementor-widget-wrap elementor-element-populated\">\n\t\t\t\t\t\t\t\t<div class=\"elementor-element elementor-element-8ab1965 elementor-widget elementor-widget-text-editor\" data-id=\"8ab1965\" data-element_type=\"widget\" data-widget_type=\"text-editor.default\">\n\t\t\t\t<div class=\"elementor-widget-container\">\n\t\t\t\t\t\t\t<p><b>Penumbra<span style=\"color: #202124;\">, dir. Jonathan Aguiar, Santos &#8211; SP, 12 min.<\/span><\/b><\/p><p>SINOPSE<\/p><p>Certa noite, Enzo \u00e9 deixado sozinho em casa por sua m\u00e3e, Regiane, que saiu para trabalhar. Ao acordar e perceber que as luzes de sua casa n\u00e3o estavam funcionando, o garoto se v\u00ea sozinho e desamparado, at\u00e9 receber uma visita inesperada de sua av\u00f3, Marc\u00e9lia.<\/p><p>@melodramafilmes\/<\/p><p>\u00a0<\/p><p><b>Para Carlos<span style=\"color: #202124;\">, dir. Carlos Cipriano, Goi\u00e1s &#8211; GO, 15 min.<\/span><\/b><\/p><p>SINOPSE<\/p><p>Te fui sem me dar a oportunidade de despedir-te. Receber agora que viajo sozinho para os lados de Goi\u00e1s pode me despedir. Por isso voc\u00ea escreve esta carta.<\/p><p>@carloscipras<\/p><p>\u00a0<\/p><p><b><span style=\"color: #202124;\">Banheiro dos Campe\u00f5es, dir. Felipe Santelli e Osani, Acari &#8211; RN, 5 min.<\/span><\/b><\/p><p>SINOPSE<\/p><p>Um mapa explora pontos de pega\u00e7\u00e3o em Natal\/RN, onde sempre h\u00e1 campe\u00f5es nos banheiros.<\/p><p>\u00a0<\/p><p><b><span style=\"color: #202124;\">Poesia no Vinho de Seus L\u00e1bios, dir. Matheus Monteiro, Fortaleza &#8211; CE, 4 min.<\/span><\/b><\/p><p>SINOPSE<\/p><p>\u00c0 noite, em um antigo jardim em Al-Andalus, Ibn Ammar e al-Hakam t\u00eam um encontro secreto e apaixonado. Adapta\u00e7\u00e3o da poesia hispano-\u00e1rabe do poeta Ibn Khafaja.<\/p><p>\u00a0<\/p><p><b>S\u00f4nia<span style=\"color: #202124;\">, dir. Izah Neiva, S\u00e3o Paulo &#8211; SP, 23 min.<\/span><\/b><\/p><p>SINOPSE<\/p><p>S\u00f4nia acredita que a falta de juventude foi o fator preponderante para a infidelidade do marido. Em sua solid\u00e3o, inicia uma busca por autoestima e autoconsci\u00eancia. Pela primeira vez, se permite o prazer e confronta tabus internos que nunca haviam sido despertados antes.<\/p><p>@sonia_curta<\/p><p>\u00a0<\/p><p>\u00a0<\/p><p><b>5380<span style=\"color: #202124;\">, dir. Rub\u00e9n Fern\u00e1ndez, Espanha, 15 min.<\/span><\/b><\/p><p>SINOPSE<\/p><p>Numa noite de ver\u00e3o, Mario bate na porta de uma casa em busca de ajuda. Elena olha pelo olho m\u00e1gico e descobre um jovem desesperado e ferido. Ela est\u00e1 determinada a deix\u00e1-lo entrar, mas seu marido Santi se op\u00f5e. O que acontecer\u00e1 se Mario entrar na casa?<\/p><p>@contracampo5380<\/p><p>\u00a0<\/p><p><b>Meu \u00c1libi<span style=\"color: #202124;\">, dir. Nat\u00e1lia Toledo, S\u00e3o Paulo &#8211; SP, 19 min.<\/span><\/b><\/p><p>SINOPSE<\/p><p>A hist\u00f3ria gira em torno de Nat\u00e1lia, uma escritora de S\u00e3o Paulo que, ap\u00f3s um doloroso rompimento com Marina, sua ex-namorada, se v\u00ea repentinamente envolvida em uma intrincada teia de intrigas LGBTQ.<\/p><p>\u00a0<\/p><p><b><span style=\"color: #202124;\">Artigos Molhados, dir. Alessandro Amaducci, It\u00e1lia, 6 min.<\/span><\/b><\/p><p>SINOPSE<\/p><p>Tr\u00eas casais ciborgues entram em um pr\u00e9dio rec\u00e9m-inaugurado: o Museu Humano. Eles s\u00e3o confrontados com exibi\u00e7\u00f5es da humanidade: est\u00e1tuas de corpos entrela\u00e7ados, informa\u00e7\u00f5es anat\u00f4micas e filmes educacionais.<\/p><p>@alessandr0amaducc1\/<\/p><p>\u00a0<\/p><p><b><span style=\"color: #202124;\">Corpo em Abertura, dir. Andreia Fernandes, Alto Para\u00edso de Goi\u00e1s &#8211; GO, 10 min.<\/span><\/b><\/p><p>SINOPSE<\/p><p>\u00c9 uma videodan\u00e7a que revela um grito ecopol\u00edtico, um manifesto art\u00edstico entrela\u00e7ado a pr\u00e1ticas ecol\u00f3gicas e de bruxaria, baseado no paradigma da Hip\u00f3tese Gaia. A obra convoca os quatro elementos como for\u00e7as vivas e fontes de transforma\u00e7\u00e3o.<\/p><p>@corpo_em_abertura<\/p><p>\u00a0<\/p><p>DEBATE<\/p><p>SORTEIO DE BRINDES<\/p><p>PREMIA\u00c7\u00c3O<\/p><p>\u00a0<\/p><p>OBS.: EM PARALELO A EXIBI\u00c7\u00c3O DE FILMES FICAR\u00c3O EXPOSTOS TRABALHOS DE ARTES PL\u00c1STICAS, FOTOGRAFIA E LITERATURA.<\/p>\t\t\t\t\t\t<\/div>\n\t\t\t\t<\/div>\n\t\t\t\t\t<\/div>\n\t\t<\/div>\n\t\t\t\t\t\t\t<\/div>\n\t\t<\/section>\n\t\t\t\t\t\t\t<\/div>\n\t\t","protected":false},"excerpt":{"rendered":"<p>***Ingressos promocionais a R$ 10,00 16 de maio 2025 as 19 horasTeatro Jo\u00e3o Lyra Filho Fidele, dir. Yorrana Maia, Goi\u00e2nia &#8211; GO, 14 min. SINOPSE Ap\u00f3s os 60 anos de idade, Rita encontrou uma nova paix\u00e3o: a escrita. A atividade, que come\u00e7ou como uma terapia para o luto da morte do marido, se tornou uma &#8230; <a title=\"Programa\u00e7\u00e3o\" class=\"read-more\" href=\"https:\/\/azsex.art.br\/?page_id=163\" aria-label=\"Read more about Programa\u00e7\u00e3o\">Read more<\/a><\/p>\n","protected":false},"author":1,"featured_media":0,"parent":0,"menu_order":0,"comment_status":"closed","ping_status":"closed","template":"","meta":[],"_links":{"self":[{"href":"https:\/\/azsex.art.br\/index.php?rest_route=\/wp\/v2\/pages\/163"}],"collection":[{"href":"https:\/\/azsex.art.br\/index.php?rest_route=\/wp\/v2\/pages"}],"about":[{"href":"https:\/\/azsex.art.br\/index.php?rest_route=\/wp\/v2\/types\/page"}],"author":[{"embeddable":true,"href":"https:\/\/azsex.art.br\/index.php?rest_route=\/wp\/v2\/users\/1"}],"replies":[{"embeddable":true,"href":"https:\/\/azsex.art.br\/index.php?rest_route=%2Fwp%2Fv2%2Fcomments&post=163"}],"version-history":[{"count":25,"href":"https:\/\/azsex.art.br\/index.php?rest_route=\/wp\/v2\/pages\/163\/revisions"}],"predecessor-version":[{"id":233,"href":"https:\/\/azsex.art.br\/index.php?rest_route=\/wp\/v2\/pages\/163\/revisions\/233"}],"wp:attachment":[{"href":"https:\/\/azsex.art.br\/index.php?rest_route=%2Fwp%2Fv2%2Fmedia&parent=163"}],"curies":[{"name":"wp","href":"https:\/\/api.w.org\/{rel}","templated":true}]}}